{"id":330,"date":"2016-02-29T13:10:37","date_gmt":"2016-02-29T13:10:37","guid":{"rendered":"http:\/\/test.kriesi.at\/travel\/?page_id=2"},"modified":"2024-04-22T06:12:25","modified_gmt":"2024-04-22T06:12:25","slug":"welcome","status":"publish","type":"page","link":"https:\/\/canyatcilik.com\/","title":{"rendered":"Welcome"},"content":{"rendered":"<div id='full_slider_1'  class='avia-fullwidth-slider main_color avia-shadow   avia-builder-el-0  el_before_av_layout_row  avia-builder-el-first   container_wrap sidebar_right'  >\n<style type=\"text\/css\" data-created_by=\"avia_inline_auto\" id=\"style-css-av-ycglm-6e2a975132c541212a2efbe10e138b23\">\n#top #wrap_all .avia-slideshow .av-slideshow-caption.av-ycglm-6e2a975132c541212a2efbe10e138b23__0 .avia-caption-title{\nfont-size:70px;\n}\n#top .avia-slideshow .av-slideshow-caption.av-ycglm-6e2a975132c541212a2efbe10e138b23__0 .avia-caption-content{\nfont-size:38px;\n}\n#top .avia-slideshow .av-slideshow-caption.av-ycglm-6e2a975132c541212a2efbe10e138b23__0 .avia-caption-content p{\nfont-size:38px;\n}\n<\/style>\n<div  class='avia-slideshow av-ycglm-6e2a975132c541212a2efbe10e138b23 avia-slideshow-no scaling av_slideshow_full avia-slide_up-slider av-slideshow-ui av-control-minimal av-slideshow-manual av-loop-once av-loop-manual-endless av-default-height-applied   avia-slideshow-1' data-slideshow-options=\"{&quot;animation&quot;:&quot;slide_up&quot;,&quot;autoplay&quot;:false,&quot;loop_autoplay&quot;:&quot;once&quot;,&quot;interval&quot;:6,&quot;loop_manual&quot;:&quot;manual-endless&quot;,&quot;autoplay_stopper&quot;:false,&quot;noNavigation&quot;:false,&quot;bg_slider&quot;:false,&quot;keep_padding&quot;:false,&quot;hoverpause&quot;:false,&quot;show_slide_delay&quot;:0}\"  itemprop=\"image\" itemscope=\"itemscope\" itemtype=\"https:\/\/schema.org\/ImageObject\" ><ul class='avia-slideshow-inner ' style='padding-bottom: 39.75%;'><li  class='avia-slideshow-slide av-ycglm-6e2a975132c541212a2efbe10e138b23__0  av-single-slide slide-1 slide-odd'><div data-rel='slideshow-1' class='avia-slide-wrap '   ><img decoding=\"async\" class=\"wp-image-820 avia-img-lazy-loading-not-820\"  src=\"https:\/\/canyatcilik.com\/wp-content\/uploads\/2024\/04\/home_1_slide_1.jpg\" width=\"1600\" height=\"636\" title='home_1_slide_1' alt=''  itemprop=\"thumbnailUrl\" srcset=\"https:\/\/canyatcilik.com\/wp-content\/uploads\/2024\/04\/home_1_slide_1.jpg 1600w, https:\/\/canyatcilik.com\/wp-content\/uploads\/2024\/04\/home_1_slide_1-300x119.jpg 300w, https:\/\/canyatcilik.com\/wp-content\/uploads\/2024\/04\/home_1_slide_1-1030x409.jpg 1030w, https:\/\/canyatcilik.com\/wp-content\/uploads\/2024\/04\/home_1_slide_1-768x305.jpg 768w, https:\/\/canyatcilik.com\/wp-content\/uploads\/2024\/04\/home_1_slide_1-1536x611.jpg 1536w, https:\/\/canyatcilik.com\/wp-content\/uploads\/2024\/04\/home_1_slide_1-1500x596.jpg 1500w, https:\/\/canyatcilik.com\/wp-content\/uploads\/2024\/04\/home_1_slide_1-705x280.jpg 705w\" sizes=\"(max-width: 1600px) 100vw, 1600px\" \/><div class='av-section-color-overlay' style='opacity: 0.4; background-color: #0a0a0a; '><\/div><\/div><\/li><\/ul><\/div><\/div>\n<div id='av-layout-grid-1'  class='av-layout-grid-container av-8pboxe-4c74a298521e095d80131e4bcbcae6f9 entry-content-wrapper main_color av-flex-cells  avia-builder-el-1  el_after_av_slideshow_full  el_before_av_section  grid-row-not-first  container_wrap sidebar_right'  >\n\n<style type=\"text\/css\" data-created_by=\"avia_inline_auto\" id=\"style-css-av-8leid6-f2edb4809b8227786e85f799992ee24a\">\n.flex_cell.av-8leid6-f2edb4809b8227786e85f799992ee24a{\nvertical-align:top;\nbackground-color:#d63d2d;\n}\n.responsive #top #wrap_all .flex_cell.av-8leid6-f2edb4809b8227786e85f799992ee24a{\npadding:90px 50px 90px 50px !important;\n}\n<\/style>\n<div class='flex_cell av-8leid6-f2edb4809b8227786e85f799992ee24a av-gridrow-cell av_one_full no_margin  avia-builder-el-2  avia-builder-el-no-sibling  avia-full-stretch'  ><div class='flex_cell_inner'>\n<style type=\"text\/css\" data-created_by=\"avia_inline_auto\" id=\"style-css-av-8f3do2-5e505e59a5187c6195adc8d653e399f3\">\n.iconbox.av-8f3do2-5e505e59a5187c6195adc8d653e399f3 .iconbox_icon{\nborder:1px solid #ffffff;\ncolor:#ffffff;\n}\n#top #wrap_all .iconbox.av-8f3do2-5e505e59a5187c6195adc8d653e399f3 .iconbox_content_title{\ncolor:#ffffff;\n}\n.iconbox.av-8f3do2-5e505e59a5187c6195adc8d653e399f3 .iconbox_content_container{\ncolor:#ffffff;\n}\n<\/style>\n<article  class='iconbox iconbox_left_content av-8f3do2-5e505e59a5187c6195adc8d653e399f3  avia-builder-el-3  avia-builder-el-no-sibling '  itemscope=\"itemscope\" itemtype=\"https:\/\/schema.org\/CreativeWork\" ><div class=\"iconbox_icon heading-color\" aria-hidden='true' data-av_icon='\ue808' data-av_iconfont='entypo-fontello'><\/div><div class=\"iconbox_content\"><header class=\"entry-content-header\"><h3 class='iconbox_content_title '  itemprop=\"headline\" >Profesyonel Teknik Servis<\/h3><\/header><div class='iconbox_content_container av_inherit_color'  itemprop=\"text\" ><p>Tik g\u00fcverte de\u011fi\u015fimi, i\u00e7 ve d\u0131\u015f mekan mobilyalar\u0131 yap\u0131yoruz ve tasar\u0131mlar\u0131n\u0131 sizin isteklerinize g\u00f6re yap\u0131yoruz<\/p>\n<\/div><\/div><footer class=\"entry-footer\"><\/footer><\/article>\n<\/div><\/div>\n<\/div>\n\n<style type=\"text\/css\" data-created_by=\"avia_inline_auto\" id=\"style-css-av-drf4q-c74430a09bf371a670cb6dd033132e68\">\n.avia-section.av-drf4q-c74430a09bf371a670cb6dd033132e68{\nbackground-repeat:no-repeat;\nbackground-image:url(https:\/\/canyatcilik.com\/wp-content\/uploads\/2024\/04\/bg-3-300x133.jpg);\nbackground-position:50% 50%;\nbackground-attachment:fixed;\n}\n.avia-section.av-drf4q-c74430a09bf371a670cb6dd033132e68 .av-section-color-overlay{\nopacity:0.8;\nbackground-color:#000000;\n}\n<\/style>\n<div id='av_section_1'  class='avia-section av-drf4q-c74430a09bf371a670cb6dd033132e68 alternate_color avia-section-huge avia-no-border-styling  avia-builder-el-4  el_after_av_layout_row  avia-builder-el-last  avia-full-stretch avia-bg-style-fixed av-section-color-overlay-active container_wrap sidebar_right'  data-section-bg-repeat='stretch'><div class=\"av-section-color-overlay-wrap\"><div class=\"av-section-color-overlay\"><\/div><div class='container av-section-cont-open' ><div class='template-page content  av-content-small alpha units'><div class='post-entry post-entry-type-page post-entry-330'><div class='entry-content-wrapper clearfix'>\n\n<style type=\"text\/css\" data-created_by=\"avia_inline_auto\" id=\"style-css-av-3oxqiq-6eba4ae5bfe1327447f26ac27bc02adb\">\n#top .av-special-heading.av-3oxqiq-6eba4ae5bfe1327447f26ac27bc02adb{\npadding-bottom:20px;\nfont-size:50px;\n}\nbody .av-special-heading.av-3oxqiq-6eba4ae5bfe1327447f26ac27bc02adb .av-special-heading-tag .heading-char{\nfont-size:25px;\n}\n#top #wrap_all .av-special-heading.av-3oxqiq-6eba4ae5bfe1327447f26ac27bc02adb .av-special-heading-tag{\nfont-size:50px;\n}\n.av-special-heading.av-3oxqiq-6eba4ae5bfe1327447f26ac27bc02adb .av-subheading{\nfont-size:15px;\n}\n\n@media only screen and (min-width: 480px) and (max-width: 767px){ \n#top #wrap_all .av-special-heading.av-3oxqiq-6eba4ae5bfe1327447f26ac27bc02adb .av-special-heading-tag{\nfont-size:0.8em;\n}\n}\n\n@media only screen and (max-width: 479px){ \n#top #wrap_all .av-special-heading.av-3oxqiq-6eba4ae5bfe1327447f26ac27bc02adb .av-special-heading-tag{\nfont-size:0.8em;\n}\n}\n<\/style>\n<div  class='av-special-heading av-3oxqiq-6eba4ae5bfe1327447f26ac27bc02adb av-special-heading-h1 blockquote modern-quote modern-centered  avia-builder-el-5  el_before_av_one_fourth  avia-builder-el-first  av-thin-font av-inherit-size'><h1 class='av-special-heading-tag'  itemprop=\"headline\"  >Neden Can Yatc\u0131l\u0131k<strong>?<\/strong><\/h1><div class=\"special-heading-border\"><div class=\"special-heading-inner-border\"><\/div><\/div><\/div>\n\n<style type=\"text\/css\" data-created_by=\"avia_inline_auto\" id=\"style-css-av-2x6mxe-6ba5f20092daf60b2ba8029727b9ee79\">\n.flex_column.av-2x6mxe-6ba5f20092daf60b2ba8029727b9ee79{\nborder-radius:0px 0px 0px 0px;\npadding:0px 0px 0px 0px;\n}\n<\/style>\n<div  class='flex_column av-2x6mxe-6ba5f20092daf60b2ba8029727b9ee79 av_one_fourth  avia-builder-el-6  el_after_av_heading  el_before_av_one_fourth  first flex_column_div av-zero-column-padding  '     ><style type=\"text\/css\" data-created_by=\"avia_inline_auto\" id=\"style-css-av-2p1fde-4312454949b2cd74a24fc29698dae3a6\">\n.av_font_icon.av-2p1fde-4312454949b2cd74a24fc29698dae3a6{\ncolor:#0a0a0a;\nborder-color:#0a0a0a;\n}\n.av_font_icon.av-2p1fde-4312454949b2cd74a24fc29698dae3a6 .av-icon-char{\nfont-size:40px;\nline-height:40px;\nwidth:40px;\n}\n<\/style>\n<span  class='av_font_icon av-2p1fde-4312454949b2cd74a24fc29698dae3a6 avia_animate_when_visible av-icon-style-border avia-icon-pos-center avia-icon-animate'><span class='av-icon-char' aria-hidden='true' data-av_icon='\ue809' data-av_iconfont='entypo-fontello' data-avia-icon-tooltip=\"&lt;br \/&gt;\nUzun \u00d6m\u00fcrl\u00fc Suya Dayan\u0131kl\u0131 Teak Keresteler \u0130le Yap\u0131yoruz.&lt;br \/&gt;\n\"><\/span><span class='av_icon_caption av-special-font'><strong>Teak A\u011fac\u0131<\/strong><\/span><\/span><\/div>\n<style type=\"text\/css\" data-created_by=\"avia_inline_auto\" id=\"style-css-av-2i4geq-7b7e4455bf96b05f3cb751262abff176\">\n.flex_column.av-2i4geq-7b7e4455bf96b05f3cb751262abff176{\nborder-radius:0px 0px 0px 0px;\npadding:0px 0px 0px 0px;\n}\n<\/style>\n<div  class='flex_column av-2i4geq-7b7e4455bf96b05f3cb751262abff176 av_one_fourth  avia-builder-el-8  el_after_av_one_fourth  el_before_av_one_fourth  flex_column_div av-zero-column-padding  '     ><style type=\"text\/css\" data-created_by=\"avia_inline_auto\" id=\"style-css-av-2f4n8i-52da8fa9df3a09c41a287cda16fb9605\">\n.av_font_icon.av-2f4n8i-52da8fa9df3a09c41a287cda16fb9605 .av-icon-char{\nfont-size:40px;\nline-height:40px;\nwidth:40px;\n}\n<\/style>\n<span  class='av_font_icon av-2f4n8i-52da8fa9df3a09c41a287cda16fb9605 avia_animate_when_visible av-icon-style-border avia-icon-pos-center av-no-color avia-icon-animate'><span class='av-icon-char' aria-hidden='true' data-av_icon='\ue809' data-av_iconfont='entypo-fontello' data-avia-icon-tooltip=\"&lt;br \/&gt;\nKulland\u0131\u011f\u0131m\u0131z \u00dcr\u00fcnler Suya ve Darbeye Dayan\u0131kl\u0131 \u00dcr\u00fcnlerdir.&lt;br \/&gt;\n\"><\/span><span class='av_icon_caption av-special-font'><strong>Suya &amp; Darbeye Dayan\u0131kl\u0131<\/strong><\/span><\/span><\/div>\n<style type=\"text\/css\" data-created_by=\"avia_inline_auto\" id=\"style-css-av-28l7xe-931b9efd5da526d4f161135e91047d1e\">\n.flex_column.av-28l7xe-931b9efd5da526d4f161135e91047d1e{\nborder-radius:0px 0px 0px 0px;\npadding:0px 0px 0px 0px;\n}\n<\/style>\n<div  class='flex_column av-28l7xe-931b9efd5da526d4f161135e91047d1e av_one_fourth  avia-builder-el-10  el_after_av_one_fourth  el_before_av_one_fourth  flex_column_div av-zero-column-padding  '     ><style type=\"text\/css\" data-created_by=\"avia_inline_auto\" id=\"style-css-av-232c7e-996e185284b34ce1dbfbb5bc23204454\">\n.av_font_icon.av-232c7e-996e185284b34ce1dbfbb5bc23204454 .av-icon-char{\nfont-size:40px;\nline-height:40px;\nwidth:40px;\n}\n<\/style>\n<span  class='av_font_icon av-232c7e-996e185284b34ce1dbfbb5bc23204454 avia_animate_when_visible av-icon-style-border avia-icon-pos-center av-no-color avia-icon-animate'><span class='av-icon-char' aria-hidden='true' data-av_icon='\ue809' data-av_iconfont='entypo-fontello' data-avia-icon-tooltip=\"&lt;br \/&gt;\nProfesyonel Ekibimiz \u0130le En \u0130yi \u0130\u015fcili\u011fi Sunuyoruz.&lt;br \/&gt;\n\"><\/span><span class='av_icon_caption av-special-font'><strong>Profesyonel Ekip<\/strong><\/span><\/span><\/div>\n<style type=\"text\/css\" data-created_by=\"avia_inline_auto\" id=\"style-css-av-1u8acy-32efbd83ea1071db42092c3abfb6a514\">\n.flex_column.av-1u8acy-32efbd83ea1071db42092c3abfb6a514{\nborder-radius:0px 0px 0px 0px;\npadding:0px 0px 0px 0px;\n}\n<\/style>\n<div  class='flex_column av-1u8acy-32efbd83ea1071db42092c3abfb6a514 av_one_fourth  avia-builder-el-12  el_after_av_one_fourth  avia-builder-el-last  flex_column_div av-zero-column-padding  '     ><style type=\"text\/css\" data-created_by=\"avia_inline_auto\" id=\"style-css-av-1ojgwi-f3efe09360af45ec17e6bcc46f5f58cc\">\n.av_font_icon.av-1ojgwi-f3efe09360af45ec17e6bcc46f5f58cc .av-icon-char{\nfont-size:40px;\nline-height:40px;\nwidth:40px;\n}\n<\/style>\n<span  class='av_font_icon av-1ojgwi-f3efe09360af45ec17e6bcc46f5f58cc avia_animate_when_visible av-icon-style-border avia-icon-pos-center av-no-color avia-icon-animate'><span class='av-icon-char' aria-hidden='true' data-av_icon='\ue809' data-av_iconfont='entypo-fontello' data-avia-icon-tooltip=\"&lt;br \/&gt;\n35 Y\u0131ll\u0131k Bilgi ve Tecr\u00fcbe \u0130le Hizmet Veriyoruz.&lt;br \/&gt;\n\"><\/span><span class='av_icon_caption av-special-font'><strong>Deneyim<\/strong><\/span><\/span><\/div>\n<\/div><\/div><\/div><!-- close content main div --><\/div><\/div><\/div><div id='after_section_1'  class='main_color av_default_container_wrap container_wrap sidebar_right'  ><div class='container av-section-cont-open' ><div class='template-page content  av-content-small alpha units'><div class='post-entry post-entry-type-page post-entry-330'><div class='entry-content-wrapper clearfix'>\n","protected":false},"excerpt":{"rendered":"","protected":false},"author":1,"featured_media":0,"parent":0,"menu_order":0,"comment_status":"closed","ping_status":"open","template":"","meta":{"footnotes":""},"class_list":["post-330","page","type-page","status-publish","hentry"],"_links":{"self":[{"href":"https:\/\/canyatcilik.com\/index.php\/wp-json\/wp\/v2\/pages\/330","targetHints":{"allow":["GET"]}}],"collection":[{"href":"https:\/\/canyatcilik.com\/index.php\/wp-json\/wp\/v2\/pages"}],"about":[{"href":"https:\/\/canyatcilik.com\/index.php\/wp-json\/wp\/v2\/types\/page"}],"author":[{"embeddable":true,"href":"https:\/\/canyatcilik.com\/index.php\/wp-json\/wp\/v2\/users\/1"}],"replies":[{"embeddable":true,"href":"https:\/\/canyatcilik.com\/index.php\/wp-json\/wp\/v2\/comments?post=330"}],"version-history":[{"count":11,"href":"https:\/\/canyatcilik.com\/index.php\/wp-json\/wp\/v2\/pages\/330\/revisions"}],"predecessor-version":[{"id":836,"href":"https:\/\/canyatcilik.com\/index.php\/wp-json\/wp\/v2\/pages\/330\/revisions\/836"}],"wp:attachment":[{"href":"https:\/\/canyatcilik.com\/index.php\/wp-json\/wp\/v2\/media?parent=330"}],"curies":[{"name":"wp","href":"https:\/\/api.w.org\/{rel}","templated":true}]}}